{"id":623,"date":"2023-06-22T22:24:53","date_gmt":"2023-06-22T21:24:53","guid":{"rendered":"https:\/\/zeleznice40.cz\/?page_id=623"},"modified":"2023-06-22T22:46:14","modified_gmt":"2023-06-22T21:46:14","slug":"object-controllers","status":"publish","type":"page","link":"https:\/\/zeleznice40.cz\/index.php\/en\/object-controllers\/","title":{"rendered":"Object controllers"},"content":{"rendered":"\t\t<div data-elementor-type=\"wp-page\" data-elementor-id=\"623\" class=\"elementor elementor-623\">\n\t\t\t\t\t\t\t\t\t<section class=\"elementor-section elementor-top-section elementor-element elementor-element-fa41b02 elementor-section-boxed elementor-section-height-default elementor-section-height-default\" data-id=\"fa41b02\" data-element_type=\"section\">\n\t\t\t\t\t\t<div class=\"elementor-container elementor-column-gap-default\">\n\t\t\t\t\t<div class=\"elementor-column elementor-col-100 elementor-top-column elementor-element elementor-element-fb187d5\" data-id=\"fb187d5\" data-element_type=\"column\">\n\t\t\t<div class=\"elementor-widget-wrap elementor-element-populated\">\n\t\t\t\t\t\t\t\t<div class=\"elementor-element elementor-element-ea31ab7 elementor-widget elementor-widget-text-editor\" data-id=\"ea31ab7\" data-element_type=\"widget\" data-widget_type=\"text-editor.default\">\n\t\t\t\t<div class=\"elementor-widget-container\">\n\t\t\t<style>\/*! elementor - v3.8.1 - 13-11-2022 *\/\n.elementor-widget-text-editor.elementor-drop-cap-view-stacked .elementor-drop-cap{background-color:#818a91;color:#fff}.elementor-widget-text-editor.elementor-drop-cap-view-framed .elementor-drop-cap{color:#818a91;border:3px solid;background-color:transparent}.elementor-widget-text-editor:not(.elementor-drop-cap-view-default) .elementor-drop-cap{margin-top:8px}.elementor-widget-text-editor:not(.elementor-drop-cap-view-default) .elementor-drop-cap-letter{width:1em;height:1em}.elementor-widget-text-editor .elementor-drop-cap{float:left;text-align:center;line-height:1;font-size:50px}.elementor-widget-text-editor .elementor-drop-cap-letter{display:inline-block}<\/style>\t\t\t\t<p>12.9.2022<\/p>\t\t\t\t\t\t<\/div>\n\t\t\t\t<\/div>\n\t\t\t\t\t<\/div>\n\t\t<\/div>\n\t\t\t\t\t\t\t<\/div>\n\t\t<\/section>\n\t\t\t\t<section class=\"elementor-section elementor-top-section elementor-element elementor-element-bf77eb2 elementor-section-boxed elementor-section-height-default elementor-section-height-default\" data-id=\"bf77eb2\" data-element_type=\"section\">\n\t\t\t\t\t\t<div class=\"elementor-container elementor-column-gap-default\">\n\t\t\t\t\t<div class=\"elementor-column elementor-col-50 elementor-top-column elementor-element elementor-element-a0376db\" data-id=\"a0376db\" data-element_type=\"column\">\n\t\t\t<div class=\"elementor-widget-wrap elementor-element-populated\">\n\t\t\t\t\t\t\t\t<div class=\"elementor-element elementor-element-fc394fc elementor-widget elementor-widget-heading\" data-id=\"fc394fc\" data-element_type=\"widget\" data-widget_type=\"heading.default\">\n\t\t\t\t<div class=\"elementor-widget-container\">\n\t\t\t<style>\/*! elementor - v3.8.1 - 13-11-2022 *\/\n.elementor-heading-title{padding:0;margin:0;line-height:1}.elementor-widget-heading .elementor-heading-title[class*=elementor-size-]>a{color:inherit;font-size:inherit;line-height:inherit}.elementor-widget-heading .elementor-heading-title.elementor-size-small{font-size:15px}.elementor-widget-heading .elementor-heading-title.elementor-size-medium{font-size:19px}.elementor-widget-heading .elementor-heading-title.elementor-size-large{font-size:29px}.elementor-widget-heading .elementor-heading-title.elementor-size-xl{font-size:39px}.elementor-widget-heading .elementor-heading-title.elementor-size-xxl{font-size:59px}<\/style><h2 class=\"elementor-heading-title elementor-size-default\">Defining functional requirements for object controllers<br><\/h2>\t\t<\/div>\n\t\t\t\t<\/div>\n\t\t\t\t\t<\/div>\n\t\t<\/div>\n\t\t\t\t<div class=\"elementor-column elementor-col-50 elementor-top-column elementor-element elementor-element-b362d9d\" data-id=\"b362d9d\" data-element_type=\"column\">\n\t\t\t<div class=\"elementor-widget-wrap elementor-element-populated\">\n\t\t\t\t\t\t\t\t<div class=\"elementor-element elementor-element-9bbadfa elementor-widget elementor-widget-text-editor\" data-id=\"9bbadfa\" data-element_type=\"widget\" data-widget_type=\"text-editor.default\">\n\t\t\t\t<div class=\"elementor-widget-container\">\n\t\t\t\t\t\t\t<p>As a further elaboration of the technology of the Railway 4.0 Concept in the form of a bachelor thesis (<a style=\"background-color: #ffffff;\" href=\"https:\/\/dspace.cvut.cz\/handle\/10467\/104076\">available here<\/a>), object controllers and their individual components were defined in more detail. The basic architecture of the object controllers was proposed. Object controllers consist of:<\/p>\n<ul>\n<li>Logic Controller (LC) &#8211; universal programmable logic unit with input\/output (I\/O)<\/li>\n<li>Standard Communication Interface (SCI) &#8211; the communication interface to the integral safety device, defined by the EULYNX initiative<\/li>\n<li>Control Interface (CI) &#8211; a specific interface allowing unified control of an external element by a logic controller<\/li><li>Power supply (PWR)<\/li>\n<\/ul>\t\t\t\t\t\t<\/div>\n\t\t\t\t<\/div>\n\t\t\t\t<div class=\"elementor-element elementor-element-d114c05 elementor-widget elementor-widget-image\" data-id=\"d114c05\" data-element_type=\"widget\" data-widget_type=\"image.default\">\n\t\t\t\t<div class=\"elementor-widget-container\">\n\t\t\t<style>\/*! elementor - v3.8.1 - 13-11-2022 *\/\n.elementor-widget-image{text-align:center}.elementor-widget-image a{display:inline-block}.elementor-widget-image a img[src$=\".svg\"]{width:48px}.elementor-widget-image img{vertical-align:middle;display:inline-block}<\/style>\t\t\t\t\t\t\t\t\t\t\t\t<img loading=\"lazy\" decoding=\"async\" width=\"1024\" height=\"819\" src=\"https:\/\/zeleznice40.cz\/wp-content\/uploads\/2023\/06\/kontroler-1024x819-1.png\" class=\"attachment-large size-large\" alt=\"Object controller\" srcset=\"https:\/\/zeleznice40.cz\/wp-content\/uploads\/2023\/06\/kontroler-1024x819-1.png 1024w, https:\/\/zeleznice40.cz\/wp-content\/uploads\/2023\/06\/kontroler-1024x819-1-300x240.png 300w, https:\/\/zeleznice40.cz\/wp-content\/uploads\/2023\/06\/kontroler-1024x819-1-768x614.png 768w\" sizes=\"auto, (max-width: 1024px) 100vw, 1024px\" \/>\t\t\t\t\t\t\t\t\t\t\t\t\t\t\t<\/div>\n\t\t\t\t<\/div>\n\t\t\t\t<div class=\"elementor-element elementor-element-505989e elementor-widget elementor-widget-text-editor\" data-id=\"505989e\" data-element_type=\"widget\" data-widget_type=\"text-editor.default\">\n\t\t\t\t<div class=\"elementor-widget-container\">\n\t\t\t\t\t\t\t<p>Furthermore, the functional requirements for the control interface to the peripherals of the signalling system were developed on the basis of the analysis of the current field elements of the signalling system. The functional requirements define the communication interfaces, inputs and outputs, as well as the power supply and, if necessary, the necessary internal logic of the OC. The functional requirements are defined for these control interfaces of the object controllers:<\/p><ul><li>OCN &#8211; object controller of the signal<\/li><li>OCP &#8211; object controller of the point<\/li><li>OCZ &#8211; object controller of level crossing<\/li><\/ul><div>The functional requirements are described in more detail in this bachelor thesis.<\/div>\t\t\t\t\t\t<\/div>\n\t\t\t\t<\/div>\n\t\t\t\t\t<\/div>\n\t\t<\/div>\n\t\t\t\t\t\t\t<\/div>\n\t\t<\/section>\n\t\t\t\t<section class=\"elementor-section elementor-top-section elementor-element elementor-element-1faaa58 elementor-section-boxed elementor-section-height-default elementor-section-height-default\" data-id=\"1faaa58\" data-element_type=\"section\">\n\t\t\t\t\t\t<div class=\"elementor-container elementor-column-gap-default\">\n\t\t\t\t\t<div class=\"elementor-column elementor-col-50 elementor-top-column elementor-element elementor-element-d7cdf3b\" data-id=\"d7cdf3b\" data-element_type=\"column\">\n\t\t\t<div class=\"elementor-widget-wrap\">\n\t\t\t\t\t\t\t\t\t<\/div>\n\t\t<\/div>\n\t\t\t\t<div class=\"elementor-column elementor-col-50 elementor-top-column elementor-element elementor-element-93fe7d1\" data-id=\"93fe7d1\" data-element_type=\"column\">\n\t\t\t<div class=\"elementor-widget-wrap\">\n\t\t\t\t\t\t\t\t\t<\/div>\n\t\t<\/div>\n\t\t\t\t\t\t\t<\/div>\n\t\t<\/section>\n\t\t\t\t\t\t\t<\/div>\n\t\t","protected":false},"excerpt":{"rendered":"<p>12.9.2022 Defining functional requirements for object controllers As a further elaboration of the technology of the Railway 4.0 Concept in the form of a bachelor thesis (available here), object controllers and their individual components were defined in more detail. The basic architecture of the object controllers was proposed. Object controllers consist of: Logic Controller (LC) &hellip;<\/p>\n<p class=\"read-more\"> <a class=\"\" href=\"https:\/\/zeleznice40.cz\/index.php\/en\/object-controllers\/\"> <span class=\"screen-reader-text\">Object controllers<\/span> Pokra\u010dovat ve \u010dten\u00ed &raquo;<\/a><\/p>\n","protected":false},"author":1,"featured_media":0,"parent":0,"menu_order":0,"comment_status":"closed","ping_status":"closed","template":"","meta":{"site-sidebar-layout":"no-sidebar","site-content-layout":"page-builder","ast-main-header-display":"","ast-hfb-above-header-display":"","ast-hfb-below-header-display":"","ast-hfb-mobile-header-display":"","site-post-title":"disabled","ast-breadcrumbs-content":"","ast-featured-img":"disabled","footer-sml-layout":"","theme-transparent-header-meta":"","adv-header-id-meta":"","stick-header-meta":"","header-above-stick-meta":"","header-main-stick-meta":"","header-below-stick-meta":"","footnotes":""},"class_list":["post-623","page","type-page","status-publish","hentry"],"_links":{"self":[{"href":"https:\/\/zeleznice40.cz\/index.php\/wp-json\/wp\/v2\/pages\/623","targetHints":{"allow":["GET"]}}],"collection":[{"href":"https:\/\/zeleznice40.cz\/index.php\/wp-json\/wp\/v2\/pages"}],"about":[{"href":"https:\/\/zeleznice40.cz\/index.php\/wp-json\/wp\/v2\/types\/page"}],"author":[{"embeddable":true,"href":"https:\/\/zeleznice40.cz\/index.php\/wp-json\/wp\/v2\/users\/1"}],"replies":[{"embeddable":true,"href":"https:\/\/zeleznice40.cz\/index.php\/wp-json\/wp\/v2\/comments?post=623"}],"version-history":[{"count":8,"href":"https:\/\/zeleznice40.cz\/index.php\/wp-json\/wp\/v2\/pages\/623\/revisions"}],"predecessor-version":[{"id":635,"href":"https:\/\/zeleznice40.cz\/index.php\/wp-json\/wp\/v2\/pages\/623\/revisions\/635"}],"wp:attachment":[{"href":"https:\/\/zeleznice40.cz\/index.php\/wp-json\/wp\/v2\/media?parent=623"}],"curies":[{"name":"wp","href":"https:\/\/api.w.org\/{rel}","templated":true}]}}