{"id":612,"date":"2023-06-22T22:13:55","date_gmt":"2023-06-22T21:13:55","guid":{"rendered":"https:\/\/zeleznice40.cz\/?page_id=612"},"modified":"2025-12-26T20:29:37","modified_gmt":"2025-12-26T19:29:37","slug":"about-the-project","status":"publish","type":"page","link":"https:\/\/zeleznice40.cz\/index.php\/en\/about-the-project\/","title":{"rendered":"About the project"},"content":{"rendered":"\t\t<div data-elementor-type=\"wp-page\" data-elementor-id=\"612\" class=\"elementor elementor-612\">\n\t\t\t\t\t\t\t\t\t<section class=\"elementor-section elementor-top-section elementor-element elementor-element-16325ac elementor-section-boxed elementor-section-height-default elementor-section-height-default\" data-id=\"16325ac\" data-element_type=\"section\">\n\t\t\t\t\t\t<div class=\"elementor-container elementor-column-gap-default\">\n\t\t\t\t\t<div class=\"elementor-column elementor-col-100 elementor-top-column elementor-element elementor-element-a11e172\" data-id=\"a11e172\" data-element_type=\"column\">\n\t\t\t<div class=\"elementor-widget-wrap elementor-element-populated\">\n\t\t\t\t\t\t\t\t<div class=\"elementor-element elementor-element-a464f54 elementor-widget elementor-widget-text-editor\" data-id=\"a464f54\" data-element_type=\"widget\" data-widget_type=\"text-editor.default\">\n\t\t\t\t<div class=\"elementor-widget-container\">\n\t\t\t<style>\/*! elementor - v3.8.1 - 13-11-2022 *\/\n.elementor-widget-text-editor.elementor-drop-cap-view-stacked .elementor-drop-cap{background-color:#818a91;color:#fff}.elementor-widget-text-editor.elementor-drop-cap-view-framed .elementor-drop-cap{color:#818a91;border:3px solid;background-color:transparent}.elementor-widget-text-editor:not(.elementor-drop-cap-view-default) .elementor-drop-cap{margin-top:8px}.elementor-widget-text-editor:not(.elementor-drop-cap-view-default) .elementor-drop-cap-letter{width:1em;height:1em}.elementor-widget-text-editor .elementor-drop-cap{float:left;text-align:center;line-height:1;font-size:50px}.elementor-widget-text-editor .elementor-drop-cap-letter{display:inline-block}<\/style>\t\t\t\t<p>Implementation of the Railway 4.0 concept<\/p>\t\t\t\t\t\t<\/div>\n\t\t\t\t<\/div>\n\t\t\t\t<div class=\"elementor-element elementor-element-33e60ba elementor-widget elementor-widget-text-editor\" data-id=\"33e60ba\" data-element_type=\"widget\" data-widget_type=\"text-editor.default\">\n\t\t\t\t<div class=\"elementor-widget-container\">\n\t\t\t\t\t\t\t<p>The optimal procedure for infrastructure modernisation<\/p>\t\t\t\t\t\t<\/div>\n\t\t\t\t<\/div>\n\t\t\t\t<div class=\"elementor-element elementor-element-cd5d197 elementor-widget elementor-widget-text-editor\" data-id=\"cd5d197\" data-element_type=\"widget\" data-widget_type=\"text-editor.default\">\n\t\t\t\t<div class=\"elementor-widget-container\">\n\t\t\t\t\t\t\t<ol><li>Creation of network plans with the exact location of all field elements<ul><li><span style=\"font-style: inherit; font-weight: inherit; color: var( --e-global-color-text ); font-family: var( --e-global-typography-text-font-family ), Sans-serif;\">points, detection devices, crossings, signals&#8230; = positions of object controllers<\/span><\/li><li>radio network base stations<\/li><\/ul><\/li><li>Construction of backbone line infrastructure &#8211; optical and power lines<ul><li>\u00a0lines must not restrict future infrastructure modifications and upgrades<\/li><li>allows routine maintenance and modifications of the infrastructure<\/li><\/ul><\/li><li>Location of external technology elements &#8211; installation of object controllers and BTS<ul><li>less demanding in terms of space and costs compared to the current option with centralised control within the train station<\/li><\/ul><\/li><\/ol>\t\t\t\t\t\t<\/div>\n\t\t\t\t<\/div>\n\t\t\t\t\t<\/div>\n\t\t<\/div>\n\t\t\t\t\t\t\t<\/div>\n\t\t<\/section>\n\t\t\t\t<section class=\"elementor-section elementor-top-section elementor-element elementor-element-41f90f8 elementor-section-boxed elementor-section-height-default elementor-section-height-default\" data-id=\"41f90f8\" data-element_type=\"section\">\n\t\t\t\t\t\t<div class=\"elementor-container elementor-column-gap-default\">\n\t\t\t\t\t<div class=\"elementor-column elementor-col-100 elementor-top-column elementor-element elementor-element-87fa04c\" data-id=\"87fa04c\" data-element_type=\"column\">\n\t\t\t<div class=\"elementor-widget-wrap elementor-element-populated\">\n\t\t\t\t\t\t\t\t<div class=\"elementor-element elementor-element-03c99cd elementor-widget elementor-widget-text-editor\" data-id=\"03c99cd\" data-element_type=\"widget\" data-widget_type=\"text-editor.default\">\n\t\t\t\t<div class=\"elementor-widget-container\">\n\t\t\t\t\t\t\t<p>solutions for level crossings<\/p>\t\t\t\t\t\t<\/div>\n\t\t\t\t<\/div>\n\t\t\t\t<div class=\"elementor-element elementor-element-415d311 elementor-widget elementor-widget-text-editor\" data-id=\"415d311\" data-element_type=\"widget\" data-widget_type=\"text-editor.default\">\n\t\t\t\t<div class=\"elementor-widget-container\">\n\t\t\t\t\t\t\t<ul><li>connection of level crossing interlocking to linear infrastructure<ul><li>no need to connect to the energy network in the area<\/li><li>moving the battery backup from the crossing location to more convenient power supply facilities in the train stations<\/li><li>connection of detection devices via a fibre optic network &#8211; no additional costs for laying wires<\/li><\/ul><\/li><li>significant reduction in construction and operating costs\u00a0 \u2013 opportunity to significantly\u00a0increase security<b> at all level crossings<\/b><\/li><li>secured level crossing allows increased train speeds &#8211; <b>reduced journey times<\/b> &#8211; increased attractiveness of the railway<\/li><\/ul>\t\t\t\t\t\t<\/div>\n\t\t\t\t<\/div>\n\t\t\t\t\t<\/div>\n\t\t<\/div>\n\t\t\t\t\t\t\t<\/div>\n\t\t<\/section>\n\t\t\t\t<section class=\"elementor-section elementor-top-section elementor-element elementor-element-c26e515 elementor-section-boxed elementor-section-height-default elementor-section-height-default\" data-id=\"c26e515\" data-element_type=\"section\">\n\t\t\t\t\t\t<div class=\"elementor-container elementor-column-gap-default\">\n\t\t\t\t\t<div class=\"elementor-column elementor-col-100 elementor-top-column elementor-element elementor-element-e8c3bbe\" data-id=\"e8c3bbe\" data-element_type=\"column\">\n\t\t\t<div class=\"elementor-widget-wrap elementor-element-populated\">\n\t\t\t\t\t\t\t\t<div class=\"elementor-element elementor-element-91a3bb4 elementor-widget elementor-widget-text-editor\" data-id=\"91a3bb4\" data-element_type=\"widget\" data-widget_type=\"text-editor.default\">\n\t\t\t\t<div class=\"elementor-widget-container\">\n\t\t\t\t\t\t\t<p>Power supply<\/p>\t\t\t\t\t\t<\/div>\n\t\t\t\t<\/div>\n\t\t\t\t<div class=\"elementor-element elementor-element-070a9bc elementor-widget elementor-widget-text-editor\" data-id=\"070a9bc\" data-element_type=\"widget\" data-widget_type=\"text-editor.default\">\n\t\t\t\t<div class=\"elementor-widget-container\">\n\t\t\t\t\t\t\t<p><span style=\"color: #d03737;\"><span style=\"font-size: 20px;\"><b>Voltage 400 V DC<\/b><\/span><\/span><\/p><ul><li>Reliable<\/li><li>Lifetime up to 50 years<\/li><li>cost-effective<\/li><li>lower required electrical strength of materials<\/li><li>smaller equipment<\/li><li>sufficient for a distance of up to 7 km between neighbouring substations<ul><li>easy boosting and range extension if needed<\/li><\/ul><\/li><li>linear power lines along the entire network<ul><li>availability of a power source for all existing and future added technologies without the need to lay additional lines<\/li><\/ul><\/li><li>power supply in stations<ul><li style=\"list-style-type: none;\"><ul><li>existing or easily upgradeable connections to the distribution network<\/li><li>possibility of double-sided power supply<br \/><ul><li>redundancy<\/li><li>lower demands on individual power nodes<\/li><\/ul><\/li><\/ul><\/li><\/ul><\/li><\/ul>\t\t\t\t\t\t<\/div>\n\t\t\t\t<\/div>\n\t\t\t\t\t<\/div>\n\t\t<\/div>\n\t\t\t\t\t\t\t<\/div>\n\t\t<\/section>\n\t\t\t\t<section class=\"elementor-section elementor-top-section elementor-element elementor-element-88b9b56 elementor-section-boxed elementor-section-height-default elementor-section-height-default\" data-id=\"88b9b56\" data-element_type=\"section\">\n\t\t\t\t\t\t<div class=\"elementor-container elementor-column-gap-default\">\n\t\t\t\t\t<div class=\"elementor-column elementor-col-100 elementor-top-column elementor-element elementor-element-5127528\" data-id=\"5127528\" data-element_type=\"column\">\n\t\t\t<div class=\"elementor-widget-wrap elementor-element-populated\">\n\t\t\t\t\t\t\t\t<div class=\"elementor-element elementor-element-870ce30 elementor-widget elementor-widget-text-editor\" data-id=\"870ce30\" data-element_type=\"widget\" data-widget_type=\"text-editor.default\">\n\t\t\t\t<div class=\"elementor-widget-container\">\n\t\t\t\t\t\t\t<p>Uniform interfaces of FIELD elements<\/p>\t\t\t\t\t\t<\/div>\n\t\t\t\t<\/div>\n\t\t\t\t<div class=\"elementor-element elementor-element-1cef22c elementor-widget elementor-widget-text-editor\" data-id=\"1cef22c\" data-element_type=\"widget\" data-widget_type=\"text-editor.default\">\n\t\t\t\t<div class=\"elementor-widget-container\">\n\t\t\t\t\t\t\t<ul><li>I\/O definitions for individual types of controlled objects (switch, signal, warning device, &#8230;)<\/li><li>simplification of design and installation<br \/><ul><li>configuration of the station by assigning addresses of individual elements in IZZ<\/li><\/ul><\/li><li>faster and cheaper modernisation process<\/li><\/ul>\t\t\t\t\t\t<\/div>\n\t\t\t\t<\/div>\n\t\t\t\t\t<\/div>\n\t\t<\/div>\n\t\t\t\t\t\t\t<\/div>\n\t\t<\/section>\n\t\t\t\t<section class=\"elementor-section elementor-top-section elementor-element elementor-element-5eea4f2 elementor-section-boxed elementor-section-height-default elementor-section-height-default\" data-id=\"5eea4f2\" data-element_type=\"section\">\n\t\t\t\t\t\t<div class=\"elementor-container elementor-column-gap-default\">\n\t\t\t\t\t<div class=\"elementor-column elementor-col-100 elementor-top-column elementor-element elementor-element-c0dffee\" data-id=\"c0dffee\" data-element_type=\"column\">\n\t\t\t<div class=\"elementor-widget-wrap elementor-element-populated\">\n\t\t\t\t\t\t\t\t<div class=\"elementor-element elementor-element-df04ee3 elementor-widget elementor-widget-text-editor\" data-id=\"df04ee3\" data-element_type=\"widget\" data-widget_type=\"text-editor.default\">\n\t\t\t\t<div class=\"elementor-widget-container\">\n\t\t\t\t\t\t\t<p>Let&#8217;s not wait anymore.<\/p>\t\t\t\t\t\t<\/div>\n\t\t\t\t<\/div>\n\t\t\t\t<div class=\"elementor-element elementor-element-a1bf894 elementor-widget elementor-widget-text-editor\" data-id=\"a1bf894\" data-element_type=\"widget\" data-widget_type=\"text-editor.default\">\n\t\t\t\t<div class=\"elementor-widget-container\">\n\t\t\t\t\t\t\t<ul><li>the defined target for the coverage of the entire railway network by ETCS and GSM-R is set at 2040<br \/><ul><li>part of this should be the implementation of the whole Railway 4.0 concept.<\/li><\/ul><\/li><li>investment actions of the &#8222;heavy&#8220; or &#8222;medium&#8220; repair type are very demanding in terms of time and money<\/li><li style=\"list-style-type: none;\"><ul><li style=\"list-style-type: none;\"><ul><li>it is not realistic to meet the objective of building digital infrastructure only within the mentioned projects<\/li><\/ul><\/li><\/ul><\/li><\/ul><ul><li>construction of line infrastructure for Rail 4.0. is relatively easy to prepare<br \/><ul><li>the benefits associated with the introduction of the new signalling method using IZZ can be in many places equal to the benefits resulting from extensive track modifications<\/li><li>new technologies are more adaptive<br \/><ul><li>further adjustments during major infrastructure interventions will be easier<br \/><ul><li>line power and communication connection is available<\/li><li>reconfiguration of the track means a simple intervention into the configuration parameters of the area for IZZ<\/li><\/ul><\/li><\/ul><\/li><\/ul><\/li><\/ul>\t\t\t\t\t\t<\/div>\n\t\t\t\t<\/div>\n\t\t\t\t\t<\/div>\n\t\t<\/div>\n\t\t\t\t\t\t\t<\/div>\n\t\t<\/section>\n\t\t\t\t<section class=\"elementor-section elementor-top-section elementor-element elementor-element-581e91c elementor-section-boxed elementor-section-height-default elementor-section-height-default\" data-id=\"581e91c\" data-element_type=\"section\">\n\t\t\t\t\t\t<div class=\"elementor-container elementor-column-gap-default\">\n\t\t\t\t\t<div class=\"elementor-column elementor-col-100 elementor-top-column elementor-element elementor-element-51b49a6\" data-id=\"51b49a6\" data-element_type=\"column\">\n\t\t\t<div class=\"elementor-widget-wrap elementor-element-populated\">\n\t\t\t\t\t\t\t\t<div class=\"elementor-element elementor-element-447c3f8 elementor-widget elementor-widget-text-editor\" data-id=\"447c3f8\" data-element_type=\"widget\" data-widget_type=\"text-editor.default\">\n\t\t\t\t<div class=\"elementor-widget-container\">\n\t\t\t\t\t\t\t<p>More information:<\/p>\t\t\t\t\t\t<\/div>\n\t\t\t\t<\/div>\n\t\t\t\t<div class=\"elementor-element elementor-element-fe5c1d9 elementor-list-item-link-inline elementor-icon-list--layout-traditional elementor-widget elementor-widget-icon-list\" data-id=\"fe5c1d9\" data-element_type=\"widget\" data-widget_type=\"icon-list.default\">\n\t\t\t\t<div class=\"elementor-widget-container\">\n\t\t\t<link rel=\"stylesheet\" href=\"http:\/\/34.88.235.216:8080\/wp-content\/plugins\/elementor\/assets\/css\/widget-icon-list.min.css\">\t\t<ul class=\"elementor-icon-list-items\">\n\t\t\t\t\t\t\t<li class=\"elementor-icon-list-item\">\n\t\t\t\t\t\t\t\t\t\t\t<a href=\"http:\/\/34.88.235.216:8080\/wp-content\/uploads\/2023\/06\/Leso_Railway_4_0_EN.pdf\" target=\"_blank\">\n\n\t\t\t\t\t\t\t\t\t\t\t\t<span class=\"elementor-icon-list-icon\">\n\t\t\t\t\t\t\t<i aria-hidden=\"true\" class=\"far fa-file-alt\"><\/i>\t\t\t\t\t\t<\/span>\n\t\t\t\t\t\t\t\t\t\t<span class=\"elementor-icon-list-text\">Martin Leso - The Railway 4.0. Concept \u2013 the vision of a digital railway in the Czech Republic<\/span>\n\t\t\t\t\t\t\t\t\t\t\t<\/a>\n\t\t\t\t\t\t\t\t\t<\/li>\n\t\t\t\t\t\t<\/ul>\n\t\t\t\t<\/div>\n\t\t\t\t<\/div>\n\t\t\t\t\t<\/div>\n\t\t<\/div>\n\t\t\t\t\t\t\t<\/div>\n\t\t<\/section>\n\t\t\t\t\t\t\t<\/div>\n\t\t","protected":false},"excerpt":{"rendered":"<p>Implementation of the Railway 4.0 concept The optimal procedure for infrastructure modernisation Creation of network plans with the exact location of all field elements points, detection devices, crossings, signals&#8230; = positions of object controllers radio network base stations Construction of backbone line infrastructure &#8211; optical and power lines \u00a0lines must not restrict future infrastructure modifications &hellip;<\/p>\n<p class=\"read-more\"> <a class=\"\" href=\"https:\/\/zeleznice40.cz\/index.php\/en\/about-the-project\/\"> <span class=\"screen-reader-text\">About the project<\/span> Pokra\u010dovat ve \u010dten\u00ed &raquo;<\/a><\/p>\n","protected":false},"author":1,"featured_media":0,"parent":0,"menu_order":1,"comment_status":"closed","ping_status":"closed","template":"","meta":{"site-sidebar-layout":"no-sidebar","site-content-layout":"page-builder","ast-main-header-display":"","ast-hfb-above-header-display":"","ast-hfb-below-header-display":"","ast-hfb-mobile-header-display":"","site-post-title":"disabled","ast-breadcrumbs-content":"","ast-featured-img":"disabled","footer-sml-layout":"","theme-transparent-header-meta":"","adv-header-id-meta":"","stick-header-meta":"","header-above-stick-meta":"","header-main-stick-meta":"","header-below-stick-meta":"","footnotes":""},"class_list":["post-612","page","type-page","status-publish","hentry"],"_links":{"self":[{"href":"https:\/\/zeleznice40.cz\/index.php\/wp-json\/wp\/v2\/pages\/612","targetHints":{"allow":["GET"]}}],"collection":[{"href":"https:\/\/zeleznice40.cz\/index.php\/wp-json\/wp\/v2\/pages"}],"about":[{"href":"https:\/\/zeleznice40.cz\/index.php\/wp-json\/wp\/v2\/types\/page"}],"author":[{"embeddable":true,"href":"https:\/\/zeleznice40.cz\/index.php\/wp-json\/wp\/v2\/users\/1"}],"replies":[{"embeddable":true,"href":"https:\/\/zeleznice40.cz\/index.php\/wp-json\/wp\/v2\/comments?post=612"}],"version-history":[{"count":5,"href":"https:\/\/zeleznice40.cz\/index.php\/wp-json\/wp\/v2\/pages\/612\/revisions"}],"predecessor-version":[{"id":619,"href":"https:\/\/zeleznice40.cz\/index.php\/wp-json\/wp\/v2\/pages\/612\/revisions\/619"}],"wp:attachment":[{"href":"https:\/\/zeleznice40.cz\/index.php\/wp-json\/wp\/v2\/media?parent=612"}],"curies":[{"name":"wp","href":"https:\/\/api.w.org\/{rel}","templated":true}]}}