{"id":135,"date":"2022-01-16T18:03:23","date_gmt":"2022-01-16T17:03:23","guid":{"rendered":"https:\/\/zeleznice40.cz\/?page_id=135"},"modified":"2022-03-14T19:30:56","modified_gmt":"2022-03-14T18:30:56","slug":"o-projektu","status":"publish","type":"page","link":"https:\/\/zeleznice40.cz\/index.php\/o-projektu\/","title":{"rendered":"O projektu"},"content":{"rendered":"\t\t<div data-elementor-type=\"wp-page\" data-elementor-id=\"135\" class=\"elementor elementor-135\">\n\t\t\t\t\t\t\t\t\t<section class=\"elementor-section elementor-top-section elementor-element elementor-element-16325ac elementor-section-boxed elementor-section-height-default elementor-section-height-default\" data-id=\"16325ac\" data-element_type=\"section\">\n\t\t\t\t\t\t<div class=\"elementor-container elementor-column-gap-default\">\n\t\t\t\t\t<div class=\"elementor-column elementor-col-100 elementor-top-column elementor-element elementor-element-a11e172\" data-id=\"a11e172\" data-element_type=\"column\">\n\t\t\t<div class=\"elementor-widget-wrap elementor-element-populated\">\n\t\t\t\t\t\t\t\t<div class=\"elementor-element elementor-element-a464f54 elementor-widget elementor-widget-text-editor\" data-id=\"a464f54\" data-element_type=\"widget\" data-widget_type=\"text-editor.default\">\n\t\t\t\t<div class=\"elementor-widget-container\">\n\t\t\t<style>\/*! elementor - v3.8.1 - 13-11-2022 *\/\n.elementor-widget-text-editor.elementor-drop-cap-view-stacked .elementor-drop-cap{background-color:#818a91;color:#fff}.elementor-widget-text-editor.elementor-drop-cap-view-framed .elementor-drop-cap{color:#818a91;border:3px solid;background-color:transparent}.elementor-widget-text-editor:not(.elementor-drop-cap-view-default) .elementor-drop-cap{margin-top:8px}.elementor-widget-text-editor:not(.elementor-drop-cap-view-default) .elementor-drop-cap-letter{width:1em;height:1em}.elementor-widget-text-editor .elementor-drop-cap{float:left;text-align:center;line-height:1;font-size:50px}.elementor-widget-text-editor .elementor-drop-cap-letter{display:inline-block}<\/style>\t\t\t\t<p>Implementace konceptu \u017deleznice 4.0<\/p>\t\t\t\t\t\t<\/div>\n\t\t\t\t<\/div>\n\t\t\t\t<div class=\"elementor-element elementor-element-33e60ba elementor-widget elementor-widget-text-editor\" data-id=\"33e60ba\" data-element_type=\"widget\" data-widget_type=\"text-editor.default\">\n\t\t\t\t<div class=\"elementor-widget-container\">\n\t\t\t\t\t\t\t<p>Optim\u00e1ln\u00ed postup realizace modernizace infrastruktury:<\/p>\t\t\t\t\t\t<\/div>\n\t\t\t\t<\/div>\n\t\t\t\t<div class=\"elementor-element elementor-element-cd5d197 elementor-widget elementor-widget-text-editor\" data-id=\"cd5d197\" data-element_type=\"widget\" data-widget_type=\"text-editor.default\">\n\t\t\t\t<div class=\"elementor-widget-container\">\n\t\t\t\t\t\t\t<ol><li>Vytvo\u0159en\u00ed pl\u00e1n\u016f s\u00edt\u011b s\u00a0p\u0159esnou polohou v\u0161ech venkovn\u00edch prvk\u016f<ul><li>p\u0159estavn\u00edky, detek\u010dn\u00ed prost\u0159edky, p\u0159ejezdy, n\u00e1v\u011bstidla\u2026 = pozice objektov\u00fdch kontrol\u00e9r\u016f<\/li><li>z\u00e1kladnov\u00e9 stanice radiov\u00fdch s\u00edt\u00ed<\/li><\/ul><\/li><li>Vybudov\u00e1n\u00ed p\u00e1te\u0159n\u00ed liniov\u00e9 infrastruktury \u2013 optick\u00e9 a nap\u00e1jec\u00ed veden\u00ed<ul><li>veden\u00ed nesm\u00ed omezovat budouc\u00ed \u00fapravy a modernizaci infrastruktury<\/li><li>dovoluje b\u011b\u017enou \u00fadr\u017ebu a \u00fapravy svr\u0161ku<\/li><\/ul><\/li><li>Um\u00edst\u011bn\u00ed vn\u011bj\u0161\u00edch prvk\u016f technologie \u2013 zapojen\u00ed objektov\u00fdch kontrol\u00e9r\u016f a BTS<ul><li>prostorov\u011b a finan\u010dn\u011b m\u00e9n\u011b n\u00e1ro\u010dn\u00e9 oproti variant\u011b s\u00a0centralizovan\u00fdm \u0159\u00edzen\u00edm v\u00a0r\u00e1mci dopravny<\/li><\/ul><\/li><\/ol>\t\t\t\t\t\t<\/div>\n\t\t\t\t<\/div>\n\t\t\t\t\t<\/div>\n\t\t<\/div>\n\t\t\t\t\t\t\t<\/div>\n\t\t<\/section>\n\t\t\t\t<section class=\"elementor-section elementor-top-section elementor-element elementor-element-41f90f8 elementor-section-boxed elementor-section-height-default elementor-section-height-default\" data-id=\"41f90f8\" data-element_type=\"section\">\n\t\t\t\t\t\t<div class=\"elementor-container elementor-column-gap-default\">\n\t\t\t\t\t<div class=\"elementor-column elementor-col-100 elementor-top-column elementor-element elementor-element-87fa04c\" data-id=\"87fa04c\" data-element_type=\"column\">\n\t\t\t<div class=\"elementor-widget-wrap elementor-element-populated\">\n\t\t\t\t\t\t\t\t<div class=\"elementor-element elementor-element-03c99cd elementor-widget elementor-widget-text-editor\" data-id=\"03c99cd\" data-element_type=\"widget\" data-widget_type=\"text-editor.default\">\n\t\t\t\t<div class=\"elementor-widget-container\">\n\t\t\t\t\t\t\t<p>\u0159e\u0161en\u00ed pro \u017eelezni\u010dn\u00ed p\u0159ejezdy<\/p>\t\t\t\t\t\t<\/div>\n\t\t\t\t<\/div>\n\t\t\t\t<div class=\"elementor-element elementor-element-415d311 elementor-widget elementor-widget-text-editor\" data-id=\"415d311\" data-element_type=\"widget\" data-widget_type=\"text-editor.default\">\n\t\t\t\t<div class=\"elementor-widget-container\">\n\t\t\t\t\t\t\t<ul><li>napojen\u00ed PZZ na liniovou infrastrukturu<ul><li>odpad\u00e1 nutnost hled\u00e1n\u00ed p\u0159\u00edpojky na energetickou s\u00ed\u0165 v\u00a0dan\u00e9 lokalit\u011b<\/li><li>p\u0159esunut\u00ed bateriov\u00e9 z\u00e1lohy z\u00a0lokality p\u0159ejezdu do v\u00fdhodn\u011bj\u0161\u00edch prostor nap\u00e1jec\u00edch za\u0159\u00edzen\u00ed v dopravn\u00e1ch<\/li><li>p\u0159ipojen\u00ed ovl\u00e1dac\u00edch detek\u010dn\u00edch prost\u0159edk\u016f pomoc\u00ed optick\u00e9 s\u00edt\u011b \u2013 \u017e\u00e1dn\u00e9 dal\u0161\u00ed n\u00e1klady na pokl\u00e1dku vodi\u010d\u016f<\/li><\/ul><\/li><li>v\u00fdrazn\u00e9 sn\u00ed\u017een\u00ed n\u00e1klad\u016f na v\u00fdstavbu i provoz \u2013 p\u0159\u00edle\u017eitost pro v\u00fdrazn\u00e9 <b>zv\u00fd\u0161en\u00ed zabezpe\u010den\u00ed v\u0161ech\u00a0p\u0159ejezd\u016f<\/b><\/li><li>zabezpe\u010den\u00fd p\u0159ejezd dovoluje zv\u00fd\u0161en\u00ed rychlosti vlak\u016f \u2013<b> sn\u00ed\u017een\u00ed j\u00edzdn\u00edch dob<\/b> \u2013 vy\u0161\u0161\u00ed atraktivita \u017eeleznice<\/li><\/ul>\t\t\t\t\t\t<\/div>\n\t\t\t\t<\/div>\n\t\t\t\t\t<\/div>\n\t\t<\/div>\n\t\t\t\t\t\t\t<\/div>\n\t\t<\/section>\n\t\t\t\t<section class=\"elementor-section elementor-top-section elementor-element elementor-element-c26e515 elementor-section-boxed elementor-section-height-default elementor-section-height-default\" data-id=\"c26e515\" data-element_type=\"section\">\n\t\t\t\t\t\t<div class=\"elementor-container elementor-column-gap-default\">\n\t\t\t\t\t<div class=\"elementor-column elementor-col-100 elementor-top-column elementor-element elementor-element-e8c3bbe\" data-id=\"e8c3bbe\" data-element_type=\"column\">\n\t\t\t<div class=\"elementor-widget-wrap elementor-element-populated\">\n\t\t\t\t\t\t\t\t<div class=\"elementor-element elementor-element-91a3bb4 elementor-widget elementor-widget-text-editor\" data-id=\"91a3bb4\" data-element_type=\"widget\" data-widget_type=\"text-editor.default\">\n\t\t\t\t<div class=\"elementor-widget-container\">\n\t\t\t\t\t\t\t<p>Nap\u00e1jen\u00ed technologi\u00ed na \u017deleznici 4.0<\/p>\t\t\t\t\t\t<\/div>\n\t\t\t\t<\/div>\n\t\t\t\t<div class=\"elementor-element elementor-element-070a9bc elementor-widget elementor-widget-text-editor\" data-id=\"070a9bc\" data-element_type=\"widget\" data-widget_type=\"text-editor.default\">\n\t\t\t\t<div class=\"elementor-widget-container\">\n\t\t\t\t\t\t\t<h4><b>nap\u011bt\u00ed 400 V\u00a0DC<\/b><\/h4><ul><li>spolehliv\u00e9<\/li><li>\u017eivotnost a\u017e 50 let<\/li><li>finan\u010dn\u011b v\u00fdhodn\u00e9<\/li><li>ni\u017e\u0161\u00ed nutn\u00e1 elektrick\u00e1 pevnost materi\u00e1l\u016f<\/li><li>men\u0161\u00ed za\u0159\u00edzen\u00ed<\/li><li>dosta\u010duj\u00edc\u00ed pro vzd\u00e1lenost sousedn\u00edch nap\u00e1jec\u00edch stanic do 7 km<ul><li>jednoduch\u00e9 pos\u00edlen\u00ed a prodlou\u017een\u00ed dosahu v\u00a0p\u0159\u00edpad\u011b pot\u0159eby<\/li><\/ul><\/li><li>liniov\u00e9 veden\u00ed pod\u00e9l cel\u00e9 s\u00edt\u011b<ul><li style=\"list-style-type: none;\"><ul><li>dostupnost zdroje energie pro v\u0161echny st\u00e1vaj\u00edc\u00ed i v\u00a0budoucnu dopln\u011bn\u00e9 technologie bez nutnosti pokl\u00e1d\u00e1n\u00ed dal\u0161\u00edch veden\u00ed<\/li><\/ul><\/li><\/ul><\/li><li>nap\u00e1jen\u00ed stanice v\u00a0dopravn\u00e1ch<\/li><li style=\"list-style-type: none;\"><ul><li style=\"list-style-type: none;\"><ul><li>existuj\u00edc\u00ed \u010di snadno doplniteln\u00e9 p\u0159\u00edpojky do distribu\u010dn\u00ed s\u00edt\u011b<\/li><li>mo\u017enost oboustrann\u00e9ho nap\u00e1jen\u00ed<ul><li>redundance<\/li><li>ni\u017e\u0161\u00ed n\u00e1roky na jednotliv\u00e9 nap\u00e1jec\u00ed uzly<\/li><\/ul><\/li><\/ul><\/li><\/ul><\/li><\/ul>\t\t\t\t\t\t<\/div>\n\t\t\t\t<\/div>\n\t\t\t\t\t<\/div>\n\t\t<\/div>\n\t\t\t\t\t\t\t<\/div>\n\t\t<\/section>\n\t\t\t\t<section class=\"elementor-section elementor-top-section elementor-element elementor-element-88b9b56 elementor-section-boxed elementor-section-height-default elementor-section-height-default\" data-id=\"88b9b56\" data-element_type=\"section\">\n\t\t\t\t\t\t<div class=\"elementor-container elementor-column-gap-default\">\n\t\t\t\t\t<div class=\"elementor-column elementor-col-100 elementor-top-column elementor-element elementor-element-5127528\" data-id=\"5127528\" data-element_type=\"column\">\n\t\t\t<div class=\"elementor-widget-wrap elementor-element-populated\">\n\t\t\t\t\t\t\t\t<div class=\"elementor-element elementor-element-870ce30 elementor-widget elementor-widget-text-editor\" data-id=\"870ce30\" data-element_type=\"widget\" data-widget_type=\"text-editor.default\">\n\t\t\t\t<div class=\"elementor-widget-container\">\n\t\t\t\t\t\t\t<p>Jednotn\u00e1 rozhran\u00ed vn\u011bj\u0161\u00edch prvk\u016f<\/p>\t\t\t\t\t\t<\/div>\n\t\t\t\t<\/div>\n\t\t\t\t<div class=\"elementor-element elementor-element-1cef22c elementor-widget elementor-widget-text-editor\" data-id=\"1cef22c\" data-element_type=\"widget\" data-widget_type=\"text-editor.default\">\n\t\t\t\t<div class=\"elementor-widget-container\">\n\t\t\t\t\t\t\t<ul><li><span style=\"font-style: inherit; font-weight: inherit; color: var( --e-global-color-text ); font-family: var( --e-global-typography-text-font-family ), Sans-serif;\">definice I\/O pro jednotliv\u00e9 typy ovl\u00e1dan\u00fdch objekt\u016f (p\u0159estavn\u00edk, n\u00e1v\u011bstidlo, v\u00fdstra\u017en\u00edk, &#8230;)<\/span><\/li><li>zjednodu\u0161en\u00ed n\u00e1vrhu a instalace<ul><li>konfigurace stanice p\u0159i\u0159azen\u00edm adres jednotliv\u00fdch prvk\u016f v\u00a0IZZ<\/li><\/ul><\/li><li>rychlej\u0161\u00ed a levn\u011bj\u0161\u00ed proces modernizace<\/li><\/ul>\t\t\t\t\t\t<\/div>\n\t\t\t\t<\/div>\n\t\t\t\t\t<\/div>\n\t\t<\/div>\n\t\t\t\t\t\t\t<\/div>\n\t\t<\/section>\n\t\t\t\t<section class=\"elementor-section elementor-top-section elementor-element elementor-element-5eea4f2 elementor-section-boxed elementor-section-height-default elementor-section-height-default\" data-id=\"5eea4f2\" data-element_type=\"section\">\n\t\t\t\t\t\t<div class=\"elementor-container elementor-column-gap-default\">\n\t\t\t\t\t<div class=\"elementor-column elementor-col-100 elementor-top-column elementor-element elementor-element-c0dffee\" data-id=\"c0dffee\" data-element_type=\"column\">\n\t\t\t<div class=\"elementor-widget-wrap elementor-element-populated\">\n\t\t\t\t\t\t\t\t<div class=\"elementor-element elementor-element-df04ee3 elementor-widget elementor-widget-text-editor\" data-id=\"df04ee3\" data-element_type=\"widget\" data-widget_type=\"text-editor.default\">\n\t\t\t\t<div class=\"elementor-widget-container\">\n\t\t\t\t\t\t\t<p>ne\u010dekejme na velk\u00e9 akce.<\/p>\t\t\t\t\t\t<\/div>\n\t\t\t\t<\/div>\n\t\t\t\t<div class=\"elementor-element elementor-element-a1bf894 elementor-widget elementor-widget-text-editor\" data-id=\"a1bf894\" data-element_type=\"widget\" data-widget_type=\"text-editor.default\">\n\t\t\t\t<div class=\"elementor-widget-container\">\n\t\t\t\t\t\t\t<ul><li>definovan\u00fd c\u00edl pokryt\u00ed cel\u00e9 \u017eelezni\u010dn\u00ed s\u00edt\u011b ETCS a GSM-R je stanoven na rok 2040<ul><li>sou\u010d\u00e1st\u00ed by m\u011blo b\u00fdt zaveden\u00ed cel\u00e9ho konceptu \u017eeleznice 4.0.<\/li><\/ul><\/li><li>investi\u010dn\u00ed akce typu \u201et\u011b\u017ek\u00e1\u201c \u010di \u201est\u0159edn\u00ed\u201c oprava jsou velmi n\u00e1ro\u010dn\u00e9 \u010dasov\u011b a finan\u010dn\u011b<\/li><li style=\"list-style-type: none;\"><ul><li style=\"list-style-type: none;\"><ul><li>nen\u00ed re\u00e1ln\u00e9 spln\u011bn\u00ed c\u00edle p\u0159i budov\u00e1n\u00ed digit\u00e1ln\u00ed infrastruktury pouze v\u00a0r\u00e1mci t\u011bchto projekt\u016f<\/li><\/ul><\/li><\/ul><\/li><\/ul><ul><li>v\u00fdstavba liniov\u00e9 infrastruktury pro \u017eeleznici 4.0. je relativn\u011b snadn\u00e1 na p\u0159\u00edpravu<ul><li>p\u0159\u00ednosy spojen\u00e9 se zaveden\u00edm nov\u00e9ho zp\u016fsobu \u0159\u00edzen\u00ed pomoc\u00ed IZZ se na \u0159ad\u011b m\u00edst vyrovnaj\u00ed benefit\u016fm plynouc\u00edm z rozs\u00e1hl\u00fdch \u00faprav koleji\u0161t\u011b<\/li><li>nov\u00e9 technologie jsou adaptivn\u011bj\u0161\u00ed<ul><li>dal\u0161\u00ed \u00fapravy p\u0159i velk\u00fdch z\u00e1saz\u00edch do infrastruktury budou jednodu\u0161\u0161\u00ed<ul><li>je dostupn\u00e9 liniov\u00e9 nap\u00e1jen\u00ed a komunika\u010dn\u00ed spojen\u00ed<\/li><li>rekonfigurace koleji\u0161t\u011b znamen\u00e1 pro IZZ jednoduch\u00fd z\u00e1sah do konfigura\u010dn\u00edch parametr\u016f dan\u00e9 oblasti<\/li><\/ul><\/li><\/ul><\/li><\/ul><\/li><\/ul>\t\t\t\t\t\t<\/div>\n\t\t\t\t<\/div>\n\t\t\t\t\t<\/div>\n\t\t<\/div>\n\t\t\t\t\t\t\t<\/div>\n\t\t<\/section>\n\t\t\t\t<section class=\"elementor-section elementor-top-section elementor-element elementor-element-581e91c elementor-section-boxed elementor-section-height-default elementor-section-height-default\" data-id=\"581e91c\" data-element_type=\"section\">\n\t\t\t\t\t\t<div class=\"elementor-container elementor-column-gap-default\">\n\t\t\t\t\t<div class=\"elementor-column elementor-col-100 elementor-top-column elementor-element elementor-element-51b49a6\" data-id=\"51b49a6\" data-element_type=\"column\">\n\t\t\t<div class=\"elementor-widget-wrap elementor-element-populated\">\n\t\t\t\t\t\t\t\t<div class=\"elementor-element elementor-element-447c3f8 elementor-widget elementor-widget-text-editor\" data-id=\"447c3f8\" data-element_type=\"widget\" data-widget_type=\"text-editor.default\">\n\t\t\t\t<div class=\"elementor-widget-container\">\n\t\t\t\t\t\t\t<p>V\u00edce informac\u00ed:<\/p>\t\t\t\t\t\t<\/div>\n\t\t\t\t<\/div>\n\t\t\t\t<div class=\"elementor-element elementor-element-fe5c1d9 elementor-list-item-link-inline elementor-icon-list--layout-traditional elementor-widget elementor-widget-icon-list\" data-id=\"fe5c1d9\" data-element_type=\"widget\" data-widget_type=\"icon-list.default\">\n\t\t\t\t<div class=\"elementor-widget-container\">\n\t\t\t<link rel=\"stylesheet\" href=\"http:\/\/34.88.235.216:8080\/wp-content\/plugins\/elementor\/assets\/css\/widget-icon-list.min.css\">\t\t<ul class=\"elementor-icon-list-items\">\n\t\t\t\t\t\t\t<li class=\"elementor-icon-list-item\">\n\t\t\t\t\t\t\t\t\t\t\t<a href=\"http:\/\/34.88.235.216:8080\/wp-content\/uploads\/2022\/03\/Leso_Zeleznice4_0_Final.pdf\" target=\"_blank\">\n\n\t\t\t\t\t\t\t\t\t\t\t\t<span class=\"elementor-icon-list-icon\">\n\t\t\t\t\t\t\t<i aria-hidden=\"true\" class=\"far fa-file-alt\"><\/i>\t\t\t\t\t\t<\/span>\n\t\t\t\t\t\t\t\t\t\t<span class=\"elementor-icon-list-text\">Martin Leso - Koncept \u017deleznice 4.0. - vize digit\u00e1ln\u00ed \u017eeleznice v \u010cR<\/span>\n\t\t\t\t\t\t\t\t\t\t\t<\/a>\n\t\t\t\t\t\t\t\t\t<\/li>\n\t\t\t\t\t\t<\/ul>\n\t\t\t\t<\/div>\n\t\t\t\t<\/div>\n\t\t\t\t\t<\/div>\n\t\t<\/div>\n\t\t\t\t\t\t\t<\/div>\n\t\t<\/section>\n\t\t\t\t\t\t\t<\/div>\n\t\t","protected":false},"excerpt":{"rendered":"<p>Implementace konceptu \u017deleznice 4.0 Optim\u00e1ln\u00ed postup realizace modernizace infrastruktury: Vytvo\u0159en\u00ed pl\u00e1n\u016f s\u00edt\u011b s\u00a0p\u0159esnou polohou v\u0161ech venkovn\u00edch prvk\u016f p\u0159estavn\u00edky, detek\u010dn\u00ed prost\u0159edky, p\u0159ejezdy, n\u00e1v\u011bstidla\u2026 = pozice objektov\u00fdch kontrol\u00e9r\u016f z\u00e1kladnov\u00e9 stanice radiov\u00fdch s\u00edt\u00ed Vybudov\u00e1n\u00ed p\u00e1te\u0159n\u00ed liniov\u00e9 infrastruktury \u2013 optick\u00e9 a nap\u00e1jec\u00ed veden\u00ed veden\u00ed nesm\u00ed omezovat budouc\u00ed \u00fapravy a modernizaci infrastruktury dovoluje b\u011b\u017enou \u00fadr\u017ebu a \u00fapravy svr\u0161ku Um\u00edst\u011bn\u00ed vn\u011bj\u0161\u00edch &hellip;<\/p>\n<p class=\"read-more\"> <a class=\"\" href=\"https:\/\/zeleznice40.cz\/index.php\/o-projektu\/\"> <span class=\"screen-reader-text\">O projektu<\/span> Pokra\u010dovat ve \u010dten\u00ed &raquo;<\/a><\/p>\n","protected":false},"author":1,"featured_media":0,"parent":0,"menu_order":1,"comment_status":"closed","ping_status":"closed","template":"","meta":{"site-sidebar-layout":"no-sidebar","site-content-layout":"page-builder","ast-main-header-display":"","ast-hfb-above-header-display":"","ast-hfb-below-header-display":"","ast-hfb-mobile-header-display":"","site-post-title":"disabled","ast-breadcrumbs-content":"","ast-featured-img":"disabled","footer-sml-layout":"","theme-transparent-header-meta":"","adv-header-id-meta":"","stick-header-meta":"","header-above-stick-meta":"","header-main-stick-meta":"","header-below-stick-meta":"","footnotes":""},"class_list":["post-135","page","type-page","status-publish","hentry"],"_links":{"self":[{"href":"https:\/\/zeleznice40.cz\/index.php\/wp-json\/wp\/v2\/pages\/135","targetHints":{"allow":["GET"]}}],"collection":[{"href":"https:\/\/zeleznice40.cz\/index.php\/wp-json\/wp\/v2\/pages"}],"about":[{"href":"https:\/\/zeleznice40.cz\/index.php\/wp-json\/wp\/v2\/types\/page"}],"author":[{"embeddable":true,"href":"https:\/\/zeleznice40.cz\/index.php\/wp-json\/wp\/v2\/users\/1"}],"replies":[{"embeddable":true,"href":"https:\/\/zeleznice40.cz\/index.php\/wp-json\/wp\/v2\/comments?post=135"}],"version-history":[{"count":22,"href":"https:\/\/zeleznice40.cz\/index.php\/wp-json\/wp\/v2\/pages\/135\/revisions"}],"predecessor-version":[{"id":507,"href":"https:\/\/zeleznice40.cz\/index.php\/wp-json\/wp\/v2\/pages\/135\/revisions\/507"}],"wp:attachment":[{"href":"https:\/\/zeleznice40.cz\/index.php\/wp-json\/wp\/v2\/media?parent=135"}],"curies":[{"name":"wp","href":"https:\/\/api.w.org\/{rel}","templated":true}]}}